{"id":75,"date":"2019-09-10T13:15:12","date_gmt":"2019-09-10T11:15:12","guid":{"rendered":"https:\/\/proturmed.pl\/?page_id=75"},"modified":"2025-01-06T15:56:12","modified_gmt":"2025-01-06T14:56:12","slug":"piz","status":"publish","type":"page","link":"https:\/\/proturmed.pl\/en\/piz\/","title":{"rendered":"Informator Zdrowotny &#8211; PIZ i KIZ"},"content":{"rendered":"\t\t<div data-elementor-type=\"wp-post\" data-elementor-id=\"75\" class=\"elementor elementor-75\" data-elementor-post-type=\"page\">\n\t\t\t\t\t\t<section class=\"elementor-section elementor-top-section elementor-element elementor-element-60244db elementor-section-height-min-height elementor-section-boxed elementor-section-height-default elementor-section-items-middle\" data-id=\"60244db\" data-element_type=\"section\" data-e-type=\"section\" data-settings=\"{&quot;jet_parallax_layout_list&quot;:[{&quot;jet_parallax_layout_image&quot;:{&quot;url&quot;:&quot;&quot;,&quot;id&quot;:&quot;&quot;,&quot;size&quot;:&quot;&quot;},&quot;_id&quot;:&quot;223327f&quot;,&quot;jet_parallax_layout_image_tablet&quot;:{&quot;url&quot;:&quot;&quot;,&quot;id&quot;:&quot;&quot;,&quot;size&quot;:&quot;&quot;},&quot;jet_parallax_layout_image_mobile&quot;:{&quot;url&quot;:&quot;&quot;,&quot;id&quot;:&quot;&quot;,&quot;size&quot;:&quot;&quot;},&quot;jet_parallax_layout_speed&quot;:{&quot;unit&quot;:&quot;%&quot;,&quot;size&quot;:50,&quot;sizes&quot;:[]},&quot;jet_parallax_layout_type&quot;:&quot;scroll&quot;,&quot;jet_parallax_layout_direction&quot;:null,&quot;jet_parallax_layout_fx_direction&quot;:null,&quot;jet_parallax_layout_z_index&quot;:&quot;&quot;,&quot;jet_parallax_layout_bg_x&quot;:50,&quot;jet_parallax_layout_bg_x_tablet&quot;:&quot;&quot;,&quot;jet_parallax_layout_bg_x_mobile&quot;:&quot;&quot;,&quot;jet_parallax_layout_bg_y&quot;:50,&quot;jet_parallax_layout_bg_y_tablet&quot;:&quot;&quot;,&quot;jet_parallax_layout_bg_y_mobile&quot;:&quot;&quot;,&quot;jet_parallax_layout_bg_size&quot;:&quot;auto&quot;,&quot;jet_parallax_layout_bg_size_tablet&quot;:&quot;&quot;,&quot;jet_parallax_layout_bg_size_mobile&quot;:&quot;&quot;,&quot;jet_parallax_layout_animation_prop&quot;:&quot;transform&quot;,&quot;jet_parallax_layout_on&quot;:[&quot;desktop&quot;,&quot;tablet&quot;]}],&quot;background_background&quot;:&quot;classic&quot;}\">\n\t\t\t\t\t\t<div class=\"elementor-container elementor-column-gap-default\">\n\t\t\t\t\t<div class=\"elementor-column elementor-col-50 elementor-top-column elementor-element elementor-element-6b1aba6 elementor-invisible\" data-id=\"6b1aba6\" data-element_type=\"column\" data-e-type=\"column\" data-settings=\"{&quot;animation&quot;:&quot;fadeInLeft&quot;}\">\n\t\t\t<div class=\"elementor-widget-wrap elementor-element-populated\">\n\t\t\t\t\t\t<div class=\"elementor-element elementor-element-050e761 elementor-view-stacked elementor-shape-circle elementor-widget elementor-widget-icon\" data-id=\"050e761\" data-element_type=\"widget\" data-e-type=\"widget\" data-widget_type=\"icon.default\">\n\t\t\t\t<div class=\"elementor-widget-container\">\n\t\t\t\t\t\t\t<div class=\"elementor-icon-wrapper\">\n\t\t\t<div class=\"elementor-icon\">\n\t\t\t<svg xmlns=\"http:\/\/www.w3.org\/2000\/svg\" xmlns:xlink=\"http:\/\/www.w3.org\/1999\/xlink\" id=\"Capa_1\" x=\"0px\" y=\"0px\" viewBox=\"0 0 455.005 455.005\" style=\"enable-background:new 0 0 455.005 455.005;\" xml:space=\"preserve\"><g>\t<path d=\"M446.158,267.615c-5.622-3.103-12.756-2.421-19.574,1.871l-125.947,79.309c-3.505,2.208-4.557,6.838-2.35,10.343   c2.208,3.505,6.838,4.557,10.343,2.35l125.947-79.309c2.66-1.675,4.116-1.552,4.331-1.432c0.218,0.12,1.096,1.285,1.096,4.428   c0,8.449-6.271,19.809-13.42,24.311l-122.099,76.885c-6.492,4.088-12.427,5.212-16.284,3.084c-3.856-2.129-6.067-7.75-6.067-15.423   c0-19.438,13.896-44.61,30.345-54.967l139.023-87.542c2.181-1.373,3.503-3.77,3.503-6.347s-1.323-4.974-3.503-6.347L184.368,50.615   c-2.442-1.538-5.551-1.538-7.993,0L35.66,139.223C15.664,151.815,0,180.188,0,203.818v4c0,23.63,15.664,52.004,35.66,64.595   l209.292,131.791c3.505,2.207,8.136,1.154,10.343-2.35c2.207-3.505,1.155-8.136-2.35-10.343L43.653,259.72   C28.121,249.941,15,226.172,15,207.818v-4c0-18.354,13.121-42.122,28.653-51.902l136.718-86.091l253.059,159.35l-128.944,81.196   c-20.945,13.189-37.352,42.909-37.352,67.661c0,13.495,4.907,23.636,13.818,28.555c3.579,1.976,7.526,2.956,11.709,2.956   c6.231,0,12.985-2.176,19.817-6.479l122.099-76.885c11.455-7.213,20.427-23.467,20.427-37.004   C455.004,277.119,451.78,270.719,446.158,267.615z\"><\/path>\t<path d=\"M353.664,232.676c2.492,0,4.928-1.241,6.354-3.504c2.207-3.505,1.155-8.136-2.35-10.343l-173.3-109.126   c-3.506-2.207-8.136-1.154-10.343,2.35c-2.207,3.505-1.155,8.136,2.35,10.343l173.3,109.126   C350.916,232.303,352.298,232.676,353.664,232.676z\"><\/path>\t<path d=\"M323.68,252.58c2.497,0,4.938-1.246,6.361-3.517c2.201-3.509,1.14-8.138-2.37-10.338L254.46,192.82   c-3.511-2.202-8.139-1.139-10.338,2.37c-2.201,3.51-1.14,8.138,2.37,10.338l73.211,45.905   C320.941,252.21,322.318,252.58,323.68,252.58z\"><\/path>\t<path d=\"M223.903,212.559c-3.513-2.194-8.14-1.124-10.334,2.39c-2.194,3.514-1.124,8.14,2.39,10.334l73.773,46.062   c1.236,0.771,2.608,1.139,3.965,1.139c2.501,0,4.947-1.251,6.369-3.529c2.194-3.514,1.124-8.14-2.39-10.334L223.903,212.559z\"><\/path>\t<path d=\"M145.209,129.33l-62.33,39.254c-2.187,1.377-3.511,3.783-3.503,6.368s1.345,4.983,3.54,6.348l74.335,46.219   c1.213,0.754,2.586,1.131,3.96,1.131c1.417,0,2.833-0.401,4.071-1.201l16.556-10.7c3.479-2.249,4.476-6.891,2.228-10.37   c-2.248-3.479-6.891-4.475-10.37-2.228l-12.562,8.119l-60.119-37.38l48.2-30.355l59.244,37.147l-6.907,4.464   c-3.479,2.249-4.476,6.891-2.228,10.37c2.249,3.479,6.894,4.476,10.37,2.228l16.8-10.859c2.153-1.392,3.446-3.787,3.429-6.351   c-0.018-2.563-1.344-4.94-3.516-6.302l-73.218-45.909C150.749,127.792,147.647,127.795,145.209,129.33z\"><\/path>\t<path d=\"M270.089,288.846c2.187-3.518,1.109-8.142-2.409-10.329l-74.337-46.221c-3.518-2.188-8.143-1.109-10.329,2.409   c-2.187,3.518-1.109,8.142,2.409,10.329l74.337,46.221c1.232,0.767,2.601,1.132,3.953,1.132   C266.219,292.387,268.669,291.131,270.089,288.846z\"><\/path>\t<path d=\"M53.527,192.864c-2.187,3.518-1.109,8.142,2.409,10.329l183.478,114.081c1.232,0.767,2.601,1.132,3.953,1.132   c2.506,0,4.956-1.256,6.376-3.541c2.187-3.518,1.109-8.142-2.409-10.329L63.856,190.455   C60.338,188.266,55.714,189.346,53.527,192.864z\"><\/path><\/g><g><\/g><g><\/g><g><\/g><g><\/g><g><\/g><g><\/g><g><\/g><g><\/g><g><\/g><g><\/g><g><\/g><g><\/g><g><\/g><g><\/g><g><\/g><\/svg>\t\t\t<\/div>\n\t\t<\/div>\n\t\t\t\t\t\t<\/div>\n\t\t\t\t<\/div>\n\t\t\t\t\t<\/div>\n\t\t<\/div>\n\t\t\t\t<div class=\"elementor-column elementor-col-50 elementor-top-column elementor-element elementor-element-5448c07 elementor-invisible\" data-id=\"5448c07\" data-element_type=\"column\" data-e-type=\"column\" data-settings=\"{&quot;animation&quot;:&quot;fadeIn&quot;}\">\n\t\t\t<div class=\"elementor-widget-wrap elementor-element-populated\">\n\t\t\t\t\t\t<div class=\"elementor-element elementor-element-4dc18e3 elementor-widget elementor-widget-heading\" data-id=\"4dc18e3\" data-element_type=\"widget\" data-e-type=\"widget\" data-widget_type=\"heading.default\">\n\t\t\t\t<div class=\"elementor-widget-container\">\n\t\t\t\t\t<h2 class=\"elementor-heading-title elementor-size-default\">AKTYWNO\u015aCI - RYNKI zagraniczne<\/h2>\t\t\t\t<\/div>\n\t\t\t\t<\/div>\n\t\t\t\t\t<\/div>\n\t\t<\/div>\n\t\t\t\t\t<\/div>\n\t\t<\/section>\n\t\t\t\t<section class=\"elementor-section elementor-top-section elementor-element elementor-element-217e8ea elementor-section-boxed elementor-section-height-default elementor-section-height-default\" data-id=\"217e8ea\" data-element_type=\"section\" data-e-type=\"section\" data-settings=\"{&quot;jet_parallax_layout_list&quot;:[{&quot;jet_parallax_layout_image&quot;:{&quot;url&quot;:&quot;&quot;,&quot;id&quot;:&quot;&quot;,&quot;size&quot;:&quot;&quot;},&quot;_id&quot;:&quot;1f3c7d4&quot;,&quot;jet_parallax_layout_image_tablet&quot;:{&quot;url&quot;:&quot;&quot;,&quot;id&quot;:&quot;&quot;,&quot;size&quot;:&quot;&quot;},&quot;jet_parallax_layout_image_mobile&quot;:{&quot;url&quot;:&quot;&quot;,&quot;id&quot;:&quot;&quot;,&quot;size&quot;:&quot;&quot;},&quot;jet_parallax_layout_speed&quot;:{&quot;unit&quot;:&quot;%&quot;,&quot;size&quot;:50,&quot;sizes&quot;:[]},&quot;jet_parallax_layout_type&quot;:&quot;scroll&quot;,&quot;jet_parallax_layout_direction&quot;:null,&quot;jet_parallax_layout_fx_direction&quot;:null,&quot;jet_parallax_layout_z_index&quot;:&quot;&quot;,&quot;jet_parallax_layout_bg_x&quot;:50,&quot;jet_parallax_layout_bg_x_tablet&quot;:&quot;&quot;,&quot;jet_parallax_layout_bg_x_mobile&quot;:&quot;&quot;,&quot;jet_parallax_layout_bg_y&quot;:50,&quot;jet_parallax_layout_bg_y_tablet&quot;:&quot;&quot;,&quot;jet_parallax_layout_bg_y_mobile&quot;:&quot;&quot;,&quot;jet_parallax_layout_bg_size&quot;:&quot;auto&quot;,&quot;jet_parallax_layout_bg_size_tablet&quot;:&quot;&quot;,&quot;jet_parallax_layout_bg_size_mobile&quot;:&quot;&quot;,&quot;jet_parallax_layout_animation_prop&quot;:&quot;transform&quot;,&quot;jet_parallax_layout_on&quot;:[&quot;desktop&quot;,&quot;tablet&quot;]}]}\">\n\t\t\t\t\t\t<div class=\"elementor-container elementor-column-gap-default\">\n\t\t\t\t\t<div class=\"elementor-column elementor-col-50 elementor-top-column elementor-element elementor-element-e01bc71\" data-id=\"e01bc71\" data-element_type=\"column\" data-e-type=\"column\" data-settings=\"{&quot;background_background&quot;:&quot;classic&quot;}\">\n\t\t\t<div class=\"elementor-widget-wrap elementor-element-populated\">\n\t\t\t\t\t\t<div class=\"elementor-element elementor-element-622c894 elementor-widget elementor-widget-spacer\" data-id=\"622c894\" data-element_type=\"widget\" data-e-type=\"widget\" data-widget_type=\"spacer.default\">\n\t\t\t\t<div class=\"elementor-widget-container\">\n\t\t\t\t\t\t\t<div class=\"elementor-spacer\">\n\t\t\t<div class=\"elementor-spacer-inner\"><\/div>\n\t\t<\/div>\n\t\t\t\t\t\t<\/div>\n\t\t\t\t<\/div>\n\t\t\t\t\t<\/div>\n\t\t<\/div>\n\t\t\t\t<div class=\"elementor-column elementor-col-50 elementor-top-column elementor-element elementor-element-f050dce\" data-id=\"f050dce\" data-element_type=\"column\" data-e-type=\"column\">\n\t\t\t<div class=\"elementor-widget-wrap elementor-element-populated\">\n\t\t\t\t\t\t<section class=\"elementor-section elementor-inner-section elementor-element elementor-element-e1c89ce elementor-section-boxed elementor-section-height-default elementor-section-height-default\" data-id=\"e1c89ce\" data-element_type=\"section\" data-e-type=\"section\" data-settings=\"{&quot;jet_parallax_layout_list&quot;:[{&quot;jet_parallax_layout_image&quot;:{&quot;url&quot;:&quot;&quot;,&quot;id&quot;:&quot;&quot;,&quot;size&quot;:&quot;&quot;},&quot;_id&quot;:&quot;ab0a191&quot;,&quot;jet_parallax_layout_image_tablet&quot;:{&quot;url&quot;:&quot;&quot;,&quot;id&quot;:&quot;&quot;,&quot;size&quot;:&quot;&quot;},&quot;jet_parallax_layout_image_mobile&quot;:{&quot;url&quot;:&quot;&quot;,&quot;id&quot;:&quot;&quot;,&quot;size&quot;:&quot;&quot;},&quot;jet_parallax_layout_speed&quot;:{&quot;unit&quot;:&quot;%&quot;,&quot;size&quot;:50,&quot;sizes&quot;:[]},&quot;jet_parallax_layout_type&quot;:&quot;scroll&quot;,&quot;jet_parallax_layout_direction&quot;:null,&quot;jet_parallax_layout_fx_direction&quot;:null,&quot;jet_parallax_layout_z_index&quot;:&quot;&quot;,&quot;jet_parallax_layout_bg_x&quot;:50,&quot;jet_parallax_layout_bg_x_tablet&quot;:&quot;&quot;,&quot;jet_parallax_layout_bg_x_mobile&quot;:&quot;&quot;,&quot;jet_parallax_layout_bg_y&quot;:50,&quot;jet_parallax_layout_bg_y_tablet&quot;:&quot;&quot;,&quot;jet_parallax_layout_bg_y_mobile&quot;:&quot;&quot;,&quot;jet_parallax_layout_bg_size&quot;:&quot;auto&quot;,&quot;jet_parallax_layout_bg_size_tablet&quot;:&quot;&quot;,&quot;jet_parallax_layout_bg_size_mobile&quot;:&quot;&quot;,&quot;jet_parallax_layout_animation_prop&quot;:&quot;transform&quot;,&quot;jet_parallax_layout_on&quot;:[&quot;desktop&quot;,&quot;tablet&quot;]}]}\">\n\t\t\t\t\t\t<div class=\"elementor-container elementor-column-gap-default\">\n\t\t\t\t\t<div class=\"elementor-column elementor-col-100 elementor-inner-column elementor-element elementor-element-a387756\" data-id=\"a387756\" data-element_type=\"column\" data-e-type=\"column\" data-settings=\"{&quot;background_background&quot;:&quot;classic&quot;}\">\n\t\t\t<div class=\"elementor-widget-wrap elementor-element-populated\">\n\t\t\t\t\t\t<div class=\"elementor-element elementor-element-3209f8e elementor-widget elementor-widget-heading\" data-id=\"3209f8e\" data-element_type=\"widget\" data-e-type=\"widget\" data-widget_type=\"heading.default\">\n\t\t\t\t<div class=\"elementor-widget-container\">\n\t\t\t\t\t<h2 class=\"elementor-heading-title elementor-size-default\">INFOMATOR ZDROWOTNY<\/h2>\t\t\t\t<\/div>\n\t\t\t\t<\/div>\n\t\t\t\t<div class=\"elementor-element elementor-element-adff247 elementor-widget elementor-widget-text-editor\" data-id=\"adff247\" data-element_type=\"widget\" data-e-type=\"widget\" data-widget_type=\"text-editor.default\">\n\t\t\t\t<div class=\"elementor-widget-container\">\n\t\t\t\t\t\t\t\t\t<p>Fundacj\u0119 Proturmed realizuje autorskie informatory zdrowotne.<\/p><p>W 2024 r. na zlecenie instytucji publicznych powsta\u0142y:<\/p><ul><li><a href=\"https:\/\/proturmed.pl\/pomorski-informator-zdrowotny\/\">Pomorski Informator Zdrowotny<\/a><\/li><li><a href=\"https:\/\/proturmed.pl\/krakowski-informator-zdrowotny\/\">Krakowski Informator Zdrowotny\u00a0<\/a><\/li><\/ul><p>Wychodz\u0105c od wyzwa\u0144 zwi\u0105zanych ze starzej\u0105cym si\u0119 spo\u0142ecze\u0144stwem i rosn\u0105cej \u015bwiadomo\u015bci wp\u0142ywu ludzi na w\u0142asne zdrowie Fundacja podejmuje si\u0119 zadania opracowania\u00a0 dokument\u00f3w, kt\u00f3rego celem jest zebranie informacji dotycz\u0105cych r\u00f3\u017cnych aspekt\u00f3w zwi\u0105zanych z ofert\u0105 prozdrowotn\u0105 danego regionu.<\/p>\t\t\t\t\t\t\t\t<\/div>\n\t\t\t\t<\/div>\n\t\t\t\t\t<\/div>\n\t\t<\/div>\n\t\t\t\t\t<\/div>\n\t\t<\/section>\n\t\t\t\t\t<\/div>\n\t\t<\/div>\n\t\t\t\t\t<\/div>\n\t\t<\/section>\n\t\t\t\t<section class=\"elementor-section elementor-top-section elementor-element elementor-element-fc5f73d elementor-section-boxed elementor-section-height-default elementor-section-height-default\" data-id=\"fc5f73d\" data-element_type=\"section\" data-e-type=\"section\" data-settings=\"{&quot;jet_parallax_layout_list&quot;:[{&quot;jet_parallax_layout_image&quot;:{&quot;url&quot;:&quot;&quot;,&quot;id&quot;:&quot;&quot;,&quot;size&quot;:&quot;&quot;},&quot;_id&quot;:&quot;8cf4e42&quot;,&quot;jet_parallax_layout_image_tablet&quot;:{&quot;url&quot;:&quot;&quot;,&quot;id&quot;:&quot;&quot;,&quot;size&quot;:&quot;&quot;},&quot;jet_parallax_layout_image_mobile&quot;:{&quot;url&quot;:&quot;&quot;,&quot;id&quot;:&quot;&quot;,&quot;size&quot;:&quot;&quot;},&quot;jet_parallax_layout_speed&quot;:{&quot;unit&quot;:&quot;%&quot;,&quot;size&quot;:50,&quot;sizes&quot;:[]},&quot;jet_parallax_layout_type&quot;:&quot;scroll&quot;,&quot;jet_parallax_layout_direction&quot;:null,&quot;jet_parallax_layout_fx_direction&quot;:null,&quot;jet_parallax_layout_z_index&quot;:&quot;&quot;,&quot;jet_parallax_layout_bg_x&quot;:50,&quot;jet_parallax_layout_bg_x_tablet&quot;:&quot;&quot;,&quot;jet_parallax_layout_bg_x_mobile&quot;:&quot;&quot;,&quot;jet_parallax_layout_bg_y&quot;:50,&quot;jet_parallax_layout_bg_y_tablet&quot;:&quot;&quot;,&quot;jet_parallax_layout_bg_y_mobile&quot;:&quot;&quot;,&quot;jet_parallax_layout_bg_size&quot;:&quot;auto&quot;,&quot;jet_parallax_layout_bg_size_tablet&quot;:&quot;&quot;,&quot;jet_parallax_layout_bg_size_mobile&quot;:&quot;&quot;,&quot;jet_parallax_layout_animation_prop&quot;:&quot;transform&quot;,&quot;jet_parallax_layout_on&quot;:[&quot;desktop&quot;,&quot;tablet&quot;]}],&quot;background_background&quot;:&quot;classic&quot;}\">\n\t\t\t\t\t\t<div class=\"elementor-container elementor-column-gap-default\">\n\t\t\t\t\t<div class=\"elementor-column elementor-col-50 elementor-top-column elementor-element elementor-element-a98eaaf\" data-id=\"a98eaaf\" data-element_type=\"column\" data-e-type=\"column\">\n\t\t\t<div class=\"elementor-widget-wrap elementor-element-populated\">\n\t\t\t\t\t\t\t<\/div>\n\t\t<\/div>\n\t\t\t\t<div class=\"elementor-column elementor-col-50 elementor-top-column elementor-element elementor-element-d8cd0be\" data-id=\"d8cd0be\" data-element_type=\"column\" data-e-type=\"column\">\n\t\t\t<div class=\"elementor-widget-wrap elementor-element-populated\">\n\t\t\t\t\t\t\t<\/div>\n\t\t<\/div>\n\t\t\t\t\t<\/div>\n\t\t<\/section>\n\t\t\t\t<\/div>\n\t\t","protected":false},"excerpt":{"rendered":"<p>&nbsp; AKTYWNO\u015aCI &#8211; RYNKI zagraniczne INFOMATOR ZDROWOTNY Fundacj\u0119 Proturmed realizuje autorskie informatory zdrowotne. W 2024 r. na zlecenie instytucji publicznych powsta\u0142y: Pomorski Informator Zdrowotny Krakowski Informator Zdrowotny\u00a0 Wychodz\u0105c od wyzwa\u0144 zwi\u0105zanych ze starzej\u0105cym si\u0119 spo\u0142ecze\u0144stwem i rosn\u0105cej \u015bwiadomo\u015bci wp\u0142ywu ludzi na w\u0142asne zdrowie Fundacja podejmuje si\u0119 zadania opracowania\u00a0 dokument\u00f3w, kt\u00f3rego celem jest zebranie informacji dotycz\u0105cych [&hellip;]<\/p>\n","protected":false},"author":1,"featured_media":0,"parent":0,"menu_order":0,"comment_status":"closed","ping_status":"closed","template":"elementor_header_footer","meta":{"om_disable_all_campaigns":false,"_monsterinsights_skip_tracking":false,"_monsterinsights_sitenote_active":false,"_monsterinsights_sitenote_note":"","_monsterinsights_sitenote_category":0,"_uf_show_specific_survey":0,"_uf_disable_surveys":false,"footnotes":""},"class_list":["post-75","page","type-page","status-publish","hentry","entry"],"_links":{"self":[{"href":"https:\/\/proturmed.pl\/en\/wp-json\/wp\/v2\/pages\/75","targetHints":{"allow":["GET"]}}],"collection":[{"href":"https:\/\/proturmed.pl\/en\/wp-json\/wp\/v2\/pages"}],"about":[{"href":"https:\/\/proturmed.pl\/en\/wp-json\/wp\/v2\/types\/page"}],"author":[{"embeddable":true,"href":"https:\/\/proturmed.pl\/en\/wp-json\/wp\/v2\/users\/1"}],"replies":[{"embeddable":true,"href":"https:\/\/proturmed.pl\/en\/wp-json\/wp\/v2\/comments?post=75"}],"version-history":[{"count":20,"href":"https:\/\/proturmed.pl\/en\/wp-json\/wp\/v2\/pages\/75\/revisions"}],"predecessor-version":[{"id":2259,"href":"https:\/\/proturmed.pl\/en\/wp-json\/wp\/v2\/pages\/75\/revisions\/2259"}],"wp:attachment":[{"href":"https:\/\/proturmed.pl\/en\/wp-json\/wp\/v2\/media?parent=75"}],"curies":[{"name":"wp","href":"https:\/\/api.w.org\/{rel}","templated":true}]}}