{"id":642,"date":"2019-10-28T11:22:01","date_gmt":"2019-10-28T10:22:01","guid":{"rendered":"https:\/\/proturmed.pl\/?page_id=642"},"modified":"2023-09-05T18:58:39","modified_gmt":"2023-09-05T16:58:39","slug":"projekty","status":"publish","type":"page","link":"https:\/\/proturmed.pl\/en\/projekty\/","title":{"rendered":"Projects"},"content":{"rendered":"\t\t<div data-elementor-type=\"wp-page\" data-elementor-id=\"642\" class=\"elementor elementor-642\" data-elementor-post-type=\"page\">\n\t\t\t\t\t\t<section class=\"elementor-section elementor-top-section elementor-element elementor-element-37ddc0f elementor-section-height-min-height elementor-section-boxed elementor-section-height-default elementor-section-items-middle\" data-id=\"37ddc0f\" data-element_type=\"section\" data-e-type=\"section\" data-settings=\"{&quot;jet_parallax_layout_list&quot;:[{&quot;jet_parallax_layout_image&quot;:{&quot;url&quot;:&quot;&quot;,&quot;id&quot;:&quot;&quot;,&quot;size&quot;:&quot;&quot;},&quot;_id&quot;:&quot;ae3c9ec&quot;,&quot;jet_parallax_layout_image_tablet&quot;:{&quot;url&quot;:&quot;&quot;,&quot;id&quot;:&quot;&quot;,&quot;size&quot;:&quot;&quot;},&quot;jet_parallax_layout_image_mobile&quot;:{&quot;url&quot;:&quot;&quot;,&quot;id&quot;:&quot;&quot;,&quot;size&quot;:&quot;&quot;},&quot;jet_parallax_layout_speed&quot;:{&quot;unit&quot;:&quot;%&quot;,&quot;size&quot;:50,&quot;sizes&quot;:[]},&quot;jet_parallax_layout_type&quot;:&quot;scroll&quot;,&quot;jet_parallax_layout_direction&quot;:null,&quot;jet_parallax_layout_fx_direction&quot;:null,&quot;jet_parallax_layout_z_index&quot;:&quot;&quot;,&quot;jet_parallax_layout_bg_x&quot;:50,&quot;jet_parallax_layout_bg_x_tablet&quot;:&quot;&quot;,&quot;jet_parallax_layout_bg_x_mobile&quot;:&quot;&quot;,&quot;jet_parallax_layout_bg_y&quot;:50,&quot;jet_parallax_layout_bg_y_tablet&quot;:&quot;&quot;,&quot;jet_parallax_layout_bg_y_mobile&quot;:&quot;&quot;,&quot;jet_parallax_layout_bg_size&quot;:&quot;auto&quot;,&quot;jet_parallax_layout_bg_size_tablet&quot;:&quot;&quot;,&quot;jet_parallax_layout_bg_size_mobile&quot;:&quot;&quot;,&quot;jet_parallax_layout_animation_prop&quot;:&quot;transform&quot;,&quot;jet_parallax_layout_on&quot;:[&quot;desktop&quot;,&quot;tablet&quot;]}],&quot;background_background&quot;:&quot;classic&quot;}\">\n\t\t\t\t\t\t<div class=\"elementor-container elementor-column-gap-default\">\n\t\t\t\t\t<div class=\"elementor-column elementor-col-100 elementor-top-column elementor-element elementor-element-f82bd53\" data-id=\"f82bd53\" data-element_type=\"column\" data-e-type=\"column\">\n\t\t\t<div class=\"elementor-widget-wrap elementor-element-populated\">\n\t\t\t\t\t\t<div class=\"elementor-element elementor-element-66713aa elementor-widget elementor-widget-spacer\" data-id=\"66713aa\" data-element_type=\"widget\" data-e-type=\"widget\" data-widget_type=\"spacer.default\">\n\t\t\t\t<div class=\"elementor-widget-container\">\n\t\t\t\t\t\t\t<div class=\"elementor-spacer\">\n\t\t\t<div class=\"elementor-spacer-inner\"><\/div>\n\t\t<\/div>\n\t\t\t\t\t\t<\/div>\n\t\t\t\t<\/div>\n\t\t\t\t\t<\/div>\n\t\t<\/div>\n\t\t\t\t\t<\/div>\n\t\t<\/section>\n\t\t\t\t<section class=\"elementor-section elementor-top-section elementor-element elementor-element-8cfa694 elementor-section-boxed elementor-section-height-default elementor-section-height-default\" data-id=\"8cfa694\" data-element_type=\"section\" data-e-type=\"section\" data-settings=\"{&quot;jet_parallax_layout_list&quot;:[{&quot;jet_parallax_layout_image&quot;:{&quot;url&quot;:&quot;&quot;,&quot;id&quot;:&quot;&quot;,&quot;size&quot;:&quot;&quot;},&quot;_id&quot;:&quot;8add239&quot;,&quot;jet_parallax_layout_image_tablet&quot;:{&quot;url&quot;:&quot;&quot;,&quot;id&quot;:&quot;&quot;,&quot;size&quot;:&quot;&quot;},&quot;jet_parallax_layout_image_mobile&quot;:{&quot;url&quot;:&quot;&quot;,&quot;id&quot;:&quot;&quot;,&quot;size&quot;:&quot;&quot;},&quot;jet_parallax_layout_speed&quot;:{&quot;unit&quot;:&quot;%&quot;,&quot;size&quot;:50,&quot;sizes&quot;:[]},&quot;jet_parallax_layout_type&quot;:&quot;scroll&quot;,&quot;jet_parallax_layout_direction&quot;:null,&quot;jet_parallax_layout_fx_direction&quot;:null,&quot;jet_parallax_layout_z_index&quot;:&quot;&quot;,&quot;jet_parallax_layout_bg_x&quot;:50,&quot;jet_parallax_layout_bg_x_tablet&quot;:&quot;&quot;,&quot;jet_parallax_layout_bg_x_mobile&quot;:&quot;&quot;,&quot;jet_parallax_layout_bg_y&quot;:50,&quot;jet_parallax_layout_bg_y_tablet&quot;:&quot;&quot;,&quot;jet_parallax_layout_bg_y_mobile&quot;:&quot;&quot;,&quot;jet_parallax_layout_bg_size&quot;:&quot;auto&quot;,&quot;jet_parallax_layout_bg_size_tablet&quot;:&quot;&quot;,&quot;jet_parallax_layout_bg_size_mobile&quot;:&quot;&quot;,&quot;jet_parallax_layout_animation_prop&quot;:&quot;transform&quot;,&quot;jet_parallax_layout_on&quot;:[&quot;desktop&quot;,&quot;tablet&quot;]}],&quot;background_background&quot;:&quot;gradient&quot;}\">\n\t\t\t\t\t\t<div class=\"elementor-container elementor-column-gap-default\">\n\t\t\t\t\t<div class=\"elementor-column elementor-col-100 elementor-top-column elementor-element elementor-element-c852d5f\" data-id=\"c852d5f\" data-element_type=\"column\" data-e-type=\"column\" data-settings=\"{&quot;background_background&quot;:&quot;classic&quot;}\">\n\t\t\t<div class=\"elementor-widget-wrap elementor-element-populated\">\n\t\t\t\t\t\t<div class=\"elementor-element elementor-element-569998a elementor-widget elementor-widget-heading\" data-id=\"569998a\" data-element_type=\"widget\" data-e-type=\"widget\" data-widget_type=\"heading.default\">\n\t\t\t\t<div class=\"elementor-widget-container\">\n\t\t\t\t\t<h2 class=\"elementor-heading-title elementor-size-default\">Projekty<\/h2>\t\t\t\t<\/div>\n\t\t\t\t<\/div>\n\t\t\t\t\t<\/div>\n\t\t<\/div>\n\t\t\t\t\t<\/div>\n\t\t<\/section>\n\t\t\t\t<section class=\"elementor-section elementor-top-section elementor-element elementor-element-03aa73d elementor-section-boxed elementor-section-height-default elementor-section-height-default\" data-id=\"03aa73d\" data-element_type=\"section\" data-e-type=\"section\" data-settings=\"{&quot;jet_parallax_layout_list&quot;:[{&quot;jet_parallax_layout_image&quot;:{&quot;url&quot;:&quot;&quot;,&quot;id&quot;:&quot;&quot;,&quot;size&quot;:&quot;&quot;},&quot;_id&quot;:&quot;8e36c4a&quot;,&quot;jet_parallax_layout_image_tablet&quot;:{&quot;url&quot;:&quot;&quot;,&quot;id&quot;:&quot;&quot;,&quot;size&quot;:&quot;&quot;},&quot;jet_parallax_layout_image_mobile&quot;:{&quot;url&quot;:&quot;&quot;,&quot;id&quot;:&quot;&quot;,&quot;size&quot;:&quot;&quot;},&quot;jet_parallax_layout_speed&quot;:{&quot;unit&quot;:&quot;%&quot;,&quot;size&quot;:50,&quot;sizes&quot;:[]},&quot;jet_parallax_layout_type&quot;:&quot;scroll&quot;,&quot;jet_parallax_layout_direction&quot;:null,&quot;jet_parallax_layout_fx_direction&quot;:null,&quot;jet_parallax_layout_z_index&quot;:&quot;&quot;,&quot;jet_parallax_layout_bg_x&quot;:50,&quot;jet_parallax_layout_bg_x_tablet&quot;:&quot;&quot;,&quot;jet_parallax_layout_bg_x_mobile&quot;:&quot;&quot;,&quot;jet_parallax_layout_bg_y&quot;:50,&quot;jet_parallax_layout_bg_y_tablet&quot;:&quot;&quot;,&quot;jet_parallax_layout_bg_y_mobile&quot;:&quot;&quot;,&quot;jet_parallax_layout_bg_size&quot;:&quot;auto&quot;,&quot;jet_parallax_layout_bg_size_tablet&quot;:&quot;&quot;,&quot;jet_parallax_layout_bg_size_mobile&quot;:&quot;&quot;,&quot;jet_parallax_layout_animation_prop&quot;:&quot;transform&quot;,&quot;jet_parallax_layout_on&quot;:[&quot;desktop&quot;,&quot;tablet&quot;]}]}\">\n\t\t\t\t\t\t<div class=\"elementor-container elementor-column-gap-default\">\n\t\t\t\t\t<div class=\"elementor-column elementor-col-100 elementor-top-column elementor-element elementor-element-d95e68b\" data-id=\"d95e68b\" data-element_type=\"column\" data-e-type=\"column\">\n\t\t\t<div class=\"elementor-widget-wrap elementor-element-populated\">\n\t\t\t\t\t\t<div class=\"elementor-element elementor-element-22889eb elementor-grid-3 elementor-grid-tablet-2 elementor-grid-mobile-1 elementor-posts--thumbnail-top elementor-card-shadow-yes elementor-posts__hover-gradient elementor-widget elementor-widget-posts\" data-id=\"22889eb\" data-element_type=\"widget\" data-e-type=\"widget\" data-settings=\"{&quot;cards_columns&quot;:&quot;3&quot;,&quot;cards_columns_tablet&quot;:&quot;2&quot;,&quot;cards_columns_mobile&quot;:&quot;1&quot;,&quot;cards_row_gap&quot;:{&quot;unit&quot;:&quot;px&quot;,&quot;size&quot;:35,&quot;sizes&quot;:[]},&quot;cards_row_gap_tablet&quot;:{&quot;unit&quot;:&quot;px&quot;,&quot;size&quot;:&quot;&quot;,&quot;sizes&quot;:[]},&quot;cards_row_gap_mobile&quot;:{&quot;unit&quot;:&quot;px&quot;,&quot;size&quot;:&quot;&quot;,&quot;sizes&quot;:[]}}\" data-widget_type=\"posts.cards\">\n\t\t\t\t<div class=\"elementor-widget-container\">\n\t\t\t\t\t\t\t<div class=\"elementor-posts-container elementor-posts elementor-posts--skin-cards elementor-grid\" role=\"list\">\n\t\t\t\t<article class=\"elementor-post elementor-grid-item post-2265 post type-post status-publish format-standard has-post-thumbnail hentry category-aktualnosci category-bez-kategorii category-projekty entry has-media\" role=\"listitem\">\n\t\t\t<div class=\"elementor-post__card\">\n\t\t\t\t<a class=\"elementor-post__thumbnail__link\" href=\"https:\/\/proturmed.pl\/en\/region-zdrowia-pomorskie\/\" tabindex=\"-1\" ><div class=\"elementor-post__thumbnail\"><img fetchpriority=\"high\" decoding=\"async\" width=\"1200\" height=\"766\" src=\"https:\/\/proturmed.pl\/wp-content\/uploads\/2025\/02\/1.jpg\" class=\"attachment-large size-large wp-image-2264\" alt=\"\" srcset=\"https:\/\/proturmed.pl\/wp-content\/uploads\/2025\/02\/1.jpg 1200w, https:\/\/proturmed.pl\/wp-content\/uploads\/2025\/02\/1-350x223.jpg 350w, https:\/\/proturmed.pl\/wp-content\/uploads\/2025\/02\/1-768x490.jpg 768w, https:\/\/proturmed.pl\/wp-content\/uploads\/2025\/02\/1-18x12.jpg 18w\" sizes=\"(max-width: 1200px) 100vw, 1200px\" \/><\/div><\/a>\n\t\t\t\t<div class=\"elementor-post__text\">\n\t\t\t\t<h3 class=\"elementor-post__title\">\n\t\t\t<a href=\"https:\/\/proturmed.pl\/en\/region-zdrowia-pomorskie\/\" >\n\t\t\t\tRegionzdrowia.pl &#8211; turystyka zdrowotna w Pomorskim\t\t\t<\/a>\n\t\t<\/h3>\n\t\t\t\t<div class=\"elementor-post__excerpt\">\n\t\t\t<p>Strona \u201eRegion Zdrowia\u201d stworzona przez Fundacj\u0119 Proturmed ma za zadanie rozpowszechni\u0107 ide\u0119 regionu zdrowia, wskaza\u0107 i opisa\u0107 istotne elementy systemu oraz stanowi\u0107 inspiracj\u0119 do zag\u0142\u0119biania<\/p>\n\t\t<\/div>\n\t\t\n\t\t<a class=\"elementor-post__read-more\" href=\"https:\/\/proturmed.pl\/en\/region-zdrowia-pomorskie\/\" aria-label=\"Read more about Regionzdrowia.pl &#8211; turystyka zdrowotna w Pomorskim\" tabindex=\"-1\" >\n\t\t\tCzytaj wi\u0119cej \u00bb\t\t<\/a>\n\n\t\t\t\t<\/div>\n\t\t\t\t\t<\/div>\n\t\t<\/article>\n\t\t\t\t<article class=\"elementor-post elementor-grid-item post-2232 post type-post status-publish format-standard has-post-thumbnail hentry category-aktualnosci category-projekty tag-kiz tag-krakowski-informator-zdrowotny entry has-media\" role=\"listitem\">\n\t\t\t<div class=\"elementor-post__card\">\n\t\t\t\t<a class=\"elementor-post__thumbnail__link\" href=\"https:\/\/proturmed.pl\/en\/krakowski-informator-zdrowotny\/\" tabindex=\"-1\" ><div class=\"elementor-post__thumbnail\"><img decoding=\"async\" width=\"718\" height=\"1031\" src=\"https:\/\/proturmed.pl\/wp-content\/uploads\/2025\/01\/zajawkaKIZpl.png\" class=\"attachment-large size-large wp-image-2233\" alt=\"\" srcset=\"https:\/\/proturmed.pl\/wp-content\/uploads\/2025\/01\/zajawkaKIZpl.png 718w, https:\/\/proturmed.pl\/wp-content\/uploads\/2025\/01\/zajawkaKIZpl-244x350.png 244w, https:\/\/proturmed.pl\/wp-content\/uploads\/2025\/01\/zajawkaKIZpl-8x12.png 8w\" sizes=\"(max-width: 718px) 100vw, 718px\" \/><\/div><\/a>\n\t\t\t\t<div class=\"elementor-post__text\">\n\t\t\t\t<h3 class=\"elementor-post__title\">\n\t\t\t<a href=\"https:\/\/proturmed.pl\/en\/krakowski-informator-zdrowotny\/\" >\n\t\t\t\tKrakowski Informator Zdrowotny\t\t\t<\/a>\n\t\t<\/h3>\n\t\t\t\t<div class=\"elementor-post__excerpt\">\n\t\t\t<p>Przygotowali\u015bmy Krakowski Informator Zdrowotny, aby u\u0142atwi\u0107 Pa\u0144stwu i turystom\u00a0poszukiwanie informacji zwi\u0105zanych ze zdrowiem w Krakowie. Informator ma by\u0107 przydatny\u00a0zar\u00f3wno dla os\u00f3b poszukuj\u0105cych miejsca planowanego leczenia,<\/p>\n\t\t<\/div>\n\t\t\n\t\t<a class=\"elementor-post__read-more\" href=\"https:\/\/proturmed.pl\/en\/krakowski-informator-zdrowotny\/\" aria-label=\"Read more about Krakowski Informator Zdrowotny\" tabindex=\"-1\" >\n\t\t\tCzytaj wi\u0119cej \u00bb\t\t<\/a>\n\n\t\t\t\t<\/div>\n\t\t\t\t\t<\/div>\n\t\t<\/article>\n\t\t\t\t<article class=\"elementor-post elementor-grid-item post-2128 post type-post status-publish format-standard has-post-thumbnail hentry category-aktualnosci category-projekty entry has-media\" role=\"listitem\">\n\t\t\t<div class=\"elementor-post__card\">\n\t\t\t\t<a class=\"elementor-post__thumbnail__link\" href=\"https:\/\/proturmed.pl\/en\/pomorski-informator-zdrowotny\/\" tabindex=\"-1\" ><div class=\"elementor-post__thumbnail\"><img decoding=\"async\" width=\"641\" height=\"897\" src=\"https:\/\/proturmed.pl\/wp-content\/uploads\/2024\/10\/PIZ_zajawka.png\" class=\"attachment-large size-large wp-image-2223\" alt=\"\" srcset=\"https:\/\/proturmed.pl\/wp-content\/uploads\/2024\/10\/PIZ_zajawka.png 641w, https:\/\/proturmed.pl\/wp-content\/uploads\/2024\/10\/PIZ_zajawka-250x350.png 250w, https:\/\/proturmed.pl\/wp-content\/uploads\/2024\/10\/PIZ_zajawka-9x12.png 9w\" sizes=\"(max-width: 641px) 100vw, 641px\" \/><\/div><\/a>\n\t\t\t\t<div class=\"elementor-post__text\">\n\t\t\t\t<h3 class=\"elementor-post__title\">\n\t\t\t<a href=\"https:\/\/proturmed.pl\/en\/pomorski-informator-zdrowotny\/\" >\n\t\t\t\tPomorski Informator Zdrowotny\t\t\t<\/a>\n\t\t<\/h3>\n\t\t\t\t<div class=\"elementor-post__excerpt\">\n\t\t\t<p>Pomorski Informator Zdrowotny czyli PIZ &#8211; o projekcie Realizowany w ramach konkursu MSiT projekt zaproponowany przez Fundacj\u0119 dotyczy\u0142 przygotowania i wydania Fundacj\u0119 Proturmed Pomorskiego Informatora<\/p>\n\t\t<\/div>\n\t\t\n\t\t<a class=\"elementor-post__read-more\" href=\"https:\/\/proturmed.pl\/en\/pomorski-informator-zdrowotny\/\" aria-label=\"Read more about Pomorski Informator Zdrowotny\" tabindex=\"-1\" >\n\t\t\tCzytaj wi\u0119cej \u00bb\t\t<\/a>\n\n\t\t\t\t<\/div>\n\t\t\t\t\t<\/div>\n\t\t<\/article>\n\t\t\t\t<article class=\"elementor-post elementor-grid-item post-1623 post type-post status-publish format-standard has-post-thumbnail hentry category-aktualnosci category-bez-kategorii category-projekty entry has-media\" role=\"listitem\">\n\t\t\t<div class=\"elementor-post__card\">\n\t\t\t\t<a class=\"elementor-post__thumbnail__link\" href=\"https:\/\/proturmed.pl\/en\/projekt-partnerstwo-odra-siec-turystyki-medycznej\/\" tabindex=\"-1\" ><div class=\"elementor-post__thumbnail\"><img loading=\"lazy\" decoding=\"async\" width=\"739\" height=\"820\" src=\"https:\/\/proturmed.pl\/wp-content\/uploads\/2023\/10\/Tytulowe.png\" class=\"attachment-large size-large wp-image-1632\" alt=\"\" srcset=\"https:\/\/proturmed.pl\/wp-content\/uploads\/2023\/10\/Tytulowe.png 739w, https:\/\/proturmed.pl\/wp-content\/uploads\/2023\/10\/Tytulowe-315x350.png 315w, https:\/\/proturmed.pl\/wp-content\/uploads\/2023\/10\/Tytulowe-11x12.png 11w\" sizes=\"(max-width: 739px) 100vw, 739px\" \/><\/div><\/a>\n\t\t\t\t<div class=\"elementor-post__text\">\n\t\t\t\t<h3 class=\"elementor-post__title\">\n\t\t\t<a href=\"https:\/\/proturmed.pl\/en\/projekt-partnerstwo-odra-siec-turystyki-medycznej\/\" >\n\t\t\t\tProjekt &#8222;Partnerstwo-Odra&#8221; sie\u0107 turystyki medycznej.\t\t\t<\/a>\n\t\t<\/h3>\n\t\t\t\t<div class=\"elementor-post__excerpt\">\n\t\t\t<p>Opis projektu W ramach projektu \u201ePartnerstwo Odra Sie\u0107 Turystyki Medycznej\u201d powstanie sie\u0107 us\u0142ugodawc\u00f3w medycznych i turystycznych w celu uatrakcyjnienia istniej\u0105cej oferty po stronie niemieckiej dla<\/p>\n\t\t<\/div>\n\t\t\n\t\t<a class=\"elementor-post__read-more\" href=\"https:\/\/proturmed.pl\/en\/projekt-partnerstwo-odra-siec-turystyki-medycznej\/\" aria-label=\"Read more about Projekt &#8222;Partnerstwo-Odra&#8221; sie\u0107 turystyki medycznej.\" tabindex=\"-1\" >\n\t\t\tCzytaj wi\u0119cej \u00bb\t\t<\/a>\n\n\t\t\t\t<\/div>\n\t\t\t\t\t<\/div>\n\t\t<\/article>\n\t\t\t\t<article class=\"elementor-post elementor-grid-item post-1902 post type-post status-publish format-standard has-post-thumbnail hentry category-aktualnosci category-bez-kategorii category-projekty tag-aae tag-accessabilitesexpo tag-dubaj tag-targi entry has-media\" role=\"listitem\">\n\t\t\t<div class=\"elementor-post__card\">\n\t\t\t\t<a class=\"elementor-post__thumbnail__link\" href=\"https:\/\/proturmed.pl\/en\/proturmed-przedstawicielem-targow-accessabilitites-expo-z-dubaju\/\" tabindex=\"-1\" ><div class=\"elementor-post__thumbnail\"><img loading=\"lazy\" decoding=\"async\" width=\"755\" height=\"671\" src=\"https:\/\/proturmed.pl\/wp-content\/uploads\/2024\/01\/Okladka-1.png\" class=\"attachment-large size-large wp-image-2016\" alt=\"\" srcset=\"https:\/\/proturmed.pl\/wp-content\/uploads\/2024\/01\/Okladka-1.png 755w, https:\/\/proturmed.pl\/wp-content\/uploads\/2024\/01\/Okladka-1-350x311.png 350w, https:\/\/proturmed.pl\/wp-content\/uploads\/2024\/01\/Okladka-1-14x12.png 14w\" sizes=\"(max-width: 755px) 100vw, 755px\" \/><\/div><\/a>\n\t\t\t\t<div class=\"elementor-post__text\">\n\t\t\t\t<h3 class=\"elementor-post__title\">\n\t\t\t<a href=\"https:\/\/proturmed.pl\/en\/proturmed-przedstawicielem-targow-accessabilitites-expo-z-dubaju\/\" >\n\t\t\t\tProturmed przedstawicielem targ\u00f3w AccessAbilitites Expo z Dubaju\t\t\t<\/a>\n\t\t<\/h3>\n\t\t\t\t<div class=\"elementor-post__excerpt\">\n\t\t\t<p>Tragi AccessAbilities 6 edycja w Dubaju, 7-9 pa\u017adziernika 2024 r. &nbsp; AccessAbilities Expo to najwi\u0119ksze wydarzenie targowe dedykowane dla os\u00f3b z niepe\u0142nosprawno\u015bciami na Bliskim Wschodzie,<\/p>\n\t\t<\/div>\n\t\t\n\t\t<a class=\"elementor-post__read-more\" href=\"https:\/\/proturmed.pl\/en\/proturmed-przedstawicielem-targow-accessabilitites-expo-z-dubaju\/\" aria-label=\"Read more about Proturmed przedstawicielem targ\u00f3w AccessAbilitites Expo z Dubaju\" tabindex=\"-1\" >\n\t\t\tCzytaj wi\u0119cej \u00bb\t\t<\/a>\n\n\t\t\t\t<\/div>\n\t\t\t\t\t<\/div>\n\t\t<\/article>\n\t\t\t\t<article class=\"elementor-post elementor-grid-item post-1142 post type-post status-publish format-standard has-post-thumbnail hentry category-aktualnosci category-projekty entry has-media\" role=\"listitem\">\n\t\t\t<div class=\"elementor-post__card\">\n\t\t\t\t<a class=\"elementor-post__thumbnail__link\" href=\"https:\/\/proturmed.pl\/en\/przewodnik-2022-z-polska-oferta-medyczna\/\" tabindex=\"-1\" ><div class=\"elementor-post__thumbnail\"><img loading=\"lazy\" decoding=\"async\" width=\"685\" height=\"1018\" src=\"https:\/\/proturmed.pl\/wp-content\/uploads\/2022\/06\/oklad_pol.png\" class=\"attachment-large size-large wp-image-1208\" alt=\"\" srcset=\"https:\/\/proturmed.pl\/wp-content\/uploads\/2022\/06\/oklad_pol.png 685w, https:\/\/proturmed.pl\/wp-content\/uploads\/2022\/06\/oklad_pol-236x350.png 236w, https:\/\/proturmed.pl\/wp-content\/uploads\/2022\/06\/oklad_pol-8x12.png 8w\" sizes=\"(max-width: 685px) 100vw, 685px\" \/><\/div><\/a>\n\t\t\t\t<div class=\"elementor-post__text\">\n\t\t\t\t<h3 class=\"elementor-post__title\">\n\t\t\t<a href=\"https:\/\/proturmed.pl\/en\/przewodnik-2022-z-polska-oferta-medyczna\/\" >\n\t\t\t\tPrzewodnik 2022 z polsk\u0105 ofert\u0105 medyczn\u0105\t\t\t<\/a>\n\t\t<\/h3>\n\t\t\t\t<div class=\"elementor-post__excerpt\">\n\t\t\t<p>W maju 2022 r. ukaza\u0142a si\u0119 druga edycja naszego Przewodnika po Turystyce medycznej w Polsce. Jest to wydawnictwo, kt\u00f3re ma za zadanie pokazywa\u0107 wybran\u0105 polsk\u0105<\/p>\n\t\t<\/div>\n\t\t\n\t\t<a class=\"elementor-post__read-more\" href=\"https:\/\/proturmed.pl\/en\/przewodnik-2022-z-polska-oferta-medyczna\/\" aria-label=\"Read more about Przewodnik 2022 z polsk\u0105 ofert\u0105 medyczn\u0105\" tabindex=\"-1\" >\n\t\t\tCzytaj wi\u0119cej \u00bb\t\t<\/a>\n\n\t\t\t\t<\/div>\n\t\t\t\t\t<\/div>\n\t\t<\/article>\n\t\t\t\t<article class=\"elementor-post elementor-grid-item post-920 post type-post status-publish format-standard has-post-thumbnail hentry category-aktualnosci category-bez-kategorii category-projekty tag-chiny tag-ossp tag-szpitale tag-uzdrowiska tag-wydawnictwo-branzowe entry has-media\" role=\"listitem\">\n\t\t\t<div class=\"elementor-post__card\">\n\t\t\t\t<a class=\"elementor-post__thumbnail__link\" href=\"https:\/\/proturmed.pl\/en\/promocja-polskich-podmiotow-medycznych-na-rynku-chinskim\/\" tabindex=\"-1\" ><div class=\"elementor-post__thumbnail\"><img loading=\"lazy\" decoding=\"async\" width=\"839\" height=\"1200\" src=\"https:\/\/proturmed.pl\/wp-content\/uploads\/2021\/09\/1-839x1200.jpeg\" class=\"attachment-large size-large wp-image-922\" alt=\"\" srcset=\"https:\/\/proturmed.pl\/wp-content\/uploads\/2021\/09\/1-839x1200.jpeg 839w, https:\/\/proturmed.pl\/wp-content\/uploads\/2021\/09\/1-245x350.jpeg 245w, https:\/\/proturmed.pl\/wp-content\/uploads\/2021\/09\/1-768x1099.jpeg 768w, https:\/\/proturmed.pl\/wp-content\/uploads\/2021\/09\/1-1073x1536.jpeg 1073w, https:\/\/proturmed.pl\/wp-content\/uploads\/2021\/09\/1-8x12.jpeg 8w, https:\/\/proturmed.pl\/wp-content\/uploads\/2021\/09\/1.jpeg 1262w\" sizes=\"(max-width: 839px) 100vw, 839px\" \/><\/div><\/a>\n\t\t\t\t<div class=\"elementor-post__text\">\n\t\t\t\t<h3 class=\"elementor-post__title\">\n\t\t\t<a href=\"https:\/\/proturmed.pl\/en\/promocja-polskich-podmiotow-medycznych-na-rynku-chinskim\/\" >\n\t\t\t\tPromocja polskich podmiot\u00f3w leczniczych na rynku chi\u0144skim\t\t\t<\/a>\n\t\t<\/h3>\n\t\t\t\t<div class=\"elementor-post__excerpt\">\n\t\t\t<p>&nbsp; Od po\u0142owy 2021 r. na rynku chi\u0144skim promowane s\u0105 polskie plac\u00f3wki udzielaj\u0105ce \u015bwiadczenia zdrowotne.\u00a0 Informacje o nich zawarte s\u0105 w &#8222;Catalog of selected Polish<\/p>\n\t\t<\/div>\n\t\t\n\t\t<a class=\"elementor-post__read-more\" href=\"https:\/\/proturmed.pl\/en\/promocja-polskich-podmiotow-medycznych-na-rynku-chinskim\/\" aria-label=\"Read more about Promocja polskich podmiot\u00f3w leczniczych na rynku chi\u0144skim\" tabindex=\"-1\" >\n\t\t\tCzytaj wi\u0119cej \u00bb\t\t<\/a>\n\n\t\t\t\t<\/div>\n\t\t\t\t\t<\/div>\n\t\t<\/article>\n\t\t\t\t<article class=\"elementor-post elementor-grid-item post-733 post type-post status-publish format-standard has-post-thumbnail hentry category-aktualnosci category-projekty category-wydarzenia entry has-media\" role=\"listitem\">\n\t\t\t<div class=\"elementor-post__card\">\n\t\t\t\t<a class=\"elementor-post__thumbnail__link\" href=\"https:\/\/proturmed.pl\/en\/misja-gospodarcza-minsk-bialorus-01-04-04-04-nabor\/\" tabindex=\"-1\" ><div class=\"elementor-post__thumbnail\"><img loading=\"lazy\" decoding=\"async\" width=\"1200\" height=\"818\" src=\"https:\/\/proturmed.pl\/wp-content\/uploads\/2020\/02\/Misja_poster-1200x818.jpg\" class=\"attachment-large size-large wp-image-734\" alt=\"\" srcset=\"https:\/\/proturmed.pl\/wp-content\/uploads\/2020\/02\/Misja_poster-1200x818.jpg 1200w, https:\/\/proturmed.pl\/wp-content\/uploads\/2020\/02\/Misja_poster-350x238.jpg 350w, https:\/\/proturmed.pl\/wp-content\/uploads\/2020\/02\/Misja_poster-768x523.jpg 768w, https:\/\/proturmed.pl\/wp-content\/uploads\/2020\/02\/Misja_poster.jpg 1252w\" sizes=\"(max-width: 1200px) 100vw, 1200px\" \/><\/div><\/a>\n\t\t\t\t<div class=\"elementor-post__text\">\n\t\t\t\t<h3 class=\"elementor-post__title\">\n\t\t\t<a href=\"https:\/\/proturmed.pl\/en\/misja-gospodarcza-minsk-bialorus-01-04-04-04-nabor\/\" >\n\t\t\t\t(ODWO\u0141ANA) Misja gospodarcza &#8211; Mi\u0144sk, Bia\u0142oru\u015b 01.04-04.04 (nab\u00f3r)\t\t\t<\/a>\n\t\t<\/h3>\n\t\t\t\t<div class=\"elementor-post__excerpt\">\n\t\t\t<p>Misja zosta\u0142a odwo\u0142ana z oczywistych powod\u00f3w. &nbsp; Fundacja Proturmed w ramach promocji promocji polskiej oferty medycznej na rynkach zagranicznych zaprasza podmioty medyczne do udzia\u0142u w<\/p>\n\t\t<\/div>\n\t\t\n\t\t<a class=\"elementor-post__read-more\" href=\"https:\/\/proturmed.pl\/en\/misja-gospodarcza-minsk-bialorus-01-04-04-04-nabor\/\" aria-label=\"Read more about (ODWO\u0141ANA) Misja gospodarcza &#8211; Mi\u0144sk, Bia\u0142oru\u015b 01.04-04.04 (nab\u00f3r)\" tabindex=\"-1\" >\n\t\t\tCzytaj wi\u0119cej \u00bb\t\t<\/a>\n\n\t\t\t\t<\/div>\n\t\t\t\t\t<\/div>\n\t\t<\/article>\n\t\t\t\t<article class=\"elementor-post elementor-grid-item post-286 post type-post status-publish format-standard has-post-thumbnail hentry category-aktualnosci category-projekty entry has-media\" role=\"listitem\">\n\t\t\t<div class=\"elementor-post__card\">\n\t\t\t\t<a class=\"elementor-post__thumbnail__link\" href=\"https:\/\/proturmed.pl\/en\/przewodnik\/\" tabindex=\"-1\" ><div class=\"elementor-post__thumbnail\"><img loading=\"lazy\" decoding=\"async\" width=\"743\" height=\"1022\" src=\"https:\/\/proturmed.pl\/wp-content\/uploads\/2019\/09\/A1.jpg\" class=\"attachment-large size-large wp-image-321\" alt=\"\" srcset=\"https:\/\/proturmed.pl\/wp-content\/uploads\/2019\/09\/A1.jpg 743w, https:\/\/proturmed.pl\/wp-content\/uploads\/2019\/09\/A1-254x350.jpg 254w\" sizes=\"(max-width: 743px) 100vw, 743px\" \/><\/div><\/a>\n\t\t\t\t<div class=\"elementor-post__text\">\n\t\t\t\t<h3 class=\"elementor-post__title\">\n\t\t\t<a href=\"https:\/\/proturmed.pl\/en\/przewodnik\/\" >\n\t\t\t\tPrzewodnik z polsk\u0105 ofert\u0105 medyczn\u0105\t\t\t<\/a>\n\t\t<\/h3>\n\t\t\t\t<div class=\"elementor-post__excerpt\">\n\t\t\t<p>W pa\u017adzierniku 2019 r. ukaza\u0142a si\u0119 pierwsza edycja naszego Przewodnika po Turystyce medycznej w Polsce. Jest to wydawnictwo, kt\u00f3re ma za zadanie promowa\u0107 wybran\u0105 polsk\u0105<\/p>\n\t\t<\/div>\n\t\t\n\t\t<a class=\"elementor-post__read-more\" href=\"https:\/\/proturmed.pl\/en\/przewodnik\/\" aria-label=\"Read more about Przewodnik z polsk\u0105 ofert\u0105 medyczn\u0105\" tabindex=\"-1\" >\n\t\t\tCzytaj wi\u0119cej \u00bb\t\t<\/a>\n\n\t\t\t\t<\/div>\n\t\t\t\t\t<\/div>\n\t\t<\/article>\n\t\t\t\t<\/div>\n\t\t\n\t\t\t\t\t\t<\/div>\n\t\t\t\t<\/div>\n\t\t\t\t\t<\/div>\n\t\t<\/div>\n\t\t\t\t\t<\/div>\n\t\t<\/section>\n\t\t\t\t<\/div>\n\t\t","protected":false},"excerpt":{"rendered":"<p>Projects<\/p>","protected":false},"author":1,"featured_media":0,"parent":0,"menu_order":0,"comment_status":"closed","ping_status":"closed","template":"elementor_header_footer","meta":{"om_disable_all_campaigns":false,"_monsterinsights_skip_tracking":false,"_monsterinsights_sitenote_active":false,"_monsterinsights_sitenote_note":"","_monsterinsights_sitenote_category":0,"_uf_show_specific_survey":0,"_uf_disable_surveys":false,"footnotes":""},"class_list":["post-642","page","type-page","status-publish","hentry","entry","has-media"],"_links":{"self":[{"href":"https:\/\/proturmed.pl\/en\/wp-json\/wp\/v2\/pages\/642","targetHints":{"allow":["GET"]}}],"collection":[{"href":"https:\/\/proturmed.pl\/en\/wp-json\/wp\/v2\/pages"}],"about":[{"href":"https:\/\/proturmed.pl\/en\/wp-json\/wp\/v2\/types\/page"}],"author":[{"embeddable":true,"href":"https:\/\/proturmed.pl\/en\/wp-json\/wp\/v2\/users\/1"}],"replies":[{"embeddable":true,"href":"https:\/\/proturmed.pl\/en\/wp-json\/wp\/v2\/comments?post=642"}],"version-history":[{"count":3,"href":"https:\/\/proturmed.pl\/en\/wp-json\/wp\/v2\/pages\/642\/revisions"}],"predecessor-version":[{"id":645,"href":"https:\/\/proturmed.pl\/en\/wp-json\/wp\/v2\/pages\/642\/revisions\/645"}],"wp:attachment":[{"href":"https:\/\/proturmed.pl\/en\/wp-json\/wp\/v2\/media?parent=642"}],"curies":[{"name":"wp","href":"https:\/\/api.w.org\/{rel}","templated":true}]}}