{"id":344,"date":"2019-09-23T12:24:15","date_gmt":"2019-09-23T10:24:15","guid":{"rendered":"https:\/\/proturmed.pl\/?page_id=344"},"modified":"2024-09-20T00:46:09","modified_gmt":"2024-09-19T22:46:09","slug":"partnerstwoodra","status":"publish","type":"page","link":"https:\/\/proturmed.pl\/en\/partnerstwoodra\/","title":{"rendered":"PARTNERSHIP ODER"},"content":{"rendered":"\t\t<div data-elementor-type=\"wp-page\" data-elementor-id=\"344\" class=\"elementor elementor-344\" data-elementor-post-type=\"page\">\n\t\t\t\t\t\t<section class=\"elementor-section elementor-top-section elementor-element elementor-element-0e1efc2 elementor-section-height-min-height elementor-section-boxed elementor-section-height-default elementor-section-items-middle\" data-id=\"0e1efc2\" data-element_type=\"section\" data-e-type=\"section\" data-settings=\"{&quot;jet_parallax_layout_list&quot;:[{&quot;jet_parallax_layout_image&quot;:{&quot;url&quot;:&quot;&quot;,&quot;id&quot;:&quot;&quot;,&quot;size&quot;:&quot;&quot;},&quot;_id&quot;:&quot;223327f&quot;,&quot;jet_parallax_layout_image_tablet&quot;:{&quot;url&quot;:&quot;&quot;,&quot;id&quot;:&quot;&quot;,&quot;size&quot;:&quot;&quot;},&quot;jet_parallax_layout_image_mobile&quot;:{&quot;url&quot;:&quot;&quot;,&quot;id&quot;:&quot;&quot;,&quot;size&quot;:&quot;&quot;},&quot;jet_parallax_layout_speed&quot;:{&quot;unit&quot;:&quot;%&quot;,&quot;size&quot;:50,&quot;sizes&quot;:[]},&quot;jet_parallax_layout_type&quot;:&quot;scroll&quot;,&quot;jet_parallax_layout_direction&quot;:null,&quot;jet_parallax_layout_fx_direction&quot;:null,&quot;jet_parallax_layout_z_index&quot;:&quot;&quot;,&quot;jet_parallax_layout_bg_x&quot;:50,&quot;jet_parallax_layout_bg_x_tablet&quot;:&quot;&quot;,&quot;jet_parallax_layout_bg_x_mobile&quot;:&quot;&quot;,&quot;jet_parallax_layout_bg_y&quot;:50,&quot;jet_parallax_layout_bg_y_tablet&quot;:&quot;&quot;,&quot;jet_parallax_layout_bg_y_mobile&quot;:&quot;&quot;,&quot;jet_parallax_layout_bg_size&quot;:&quot;auto&quot;,&quot;jet_parallax_layout_bg_size_tablet&quot;:&quot;&quot;,&quot;jet_parallax_layout_bg_size_mobile&quot;:&quot;&quot;,&quot;jet_parallax_layout_animation_prop&quot;:&quot;transform&quot;,&quot;jet_parallax_layout_on&quot;:[&quot;desktop&quot;,&quot;tablet&quot;]}],&quot;background_background&quot;:&quot;classic&quot;}\">\n\t\t\t\t\t\t\t<div class=\"elementor-background-overlay\"><\/div>\n\t\t\t\t\t\t\t<div class=\"elementor-container elementor-column-gap-default\">\n\t\t\t\t\t<div class=\"elementor-column elementor-col-50 elementor-top-column elementor-element elementor-element-cbd5f25 elementor-invisible\" data-id=\"cbd5f25\" data-element_type=\"column\" data-e-type=\"column\" data-settings=\"{&quot;animation&quot;:&quot;fadeInLeft&quot;}\">\n\t\t\t<div class=\"elementor-widget-wrap elementor-element-populated\">\n\t\t\t\t\t\t<div class=\"elementor-element elementor-element-1a6967d elementor-view-stacked elementor-shape-circle elementor-widget elementor-widget-icon\" data-id=\"1a6967d\" data-element_type=\"widget\" data-e-type=\"widget\" data-widget_type=\"icon.default\">\n\t\t\t\t<div class=\"elementor-widget-container\">\n\t\t\t\t\t\t\t<div class=\"elementor-icon-wrapper\">\n\t\t\t<div class=\"elementor-icon\">\n\t\t\t<svg xmlns=\"http:\/\/www.w3.org\/2000\/svg\" xmlns:xlink=\"http:\/\/www.w3.org\/1999\/xlink\" id=\"Capa_1\" x=\"0px\" y=\"0px\" viewBox=\"0 0 406.833 406.833\" style=\"enable-background:new 0 0 406.833 406.833;\" xml:space=\"preserve\"><path d=\"M249.39,169.804h-39.451v-39.449c0-5.523-4.478-10-10-10h-47.221c-5.522,0-10,4.477-10,10v39.449h-39.451  c-5.522,0-10,4.477-10,10v47.224c0,5.523,4.478,10,10,10h39.451v39.45c0,5.523,4.478,10,10,10h47.221c5.522,0,10-4.477,10-10v-39.45  h39.451c5.522,0,10-4.477,10-10v-47.224C259.39,174.281,254.913,169.804,249.39,169.804z M239.39,217.028h-39.451  c-5.522,0-10,4.477-10,10v39.45h-27.221v-39.45c0-5.523-4.478-10-10-10h-39.451v-27.224h39.451c5.522,0,10-4.477,10-10v-39.449  h27.221v39.449c0,5.523,4.478,10,10,10h39.451V217.028z M385.57,140.499c0.001-0.065,0.002-0.131,0.002-0.196  s-0.001-0.131-0.002-0.196V10c0-5.523-4.478-10-10-10s-10,4.477-10,10v120.303h-34.174V85.64c0-20.563-16.729-37.292-37.291-37.292  H58.554c-20.563,0-37.293,16.729-37.293,37.292v235.552c0,20.563,16.729,37.292,37.293,37.292h235.551  c20.563,0,37.291-16.729,37.291-37.292v-44.664h34.174v120.305c0,5.523,4.478,10,10,10s10-4.477,10-10V266.725  c0.001-0.065,0.002-0.131,0.002-0.196s-0.001-0.131-0.002-0.196V140.499z M311.396,321.192c0,9.535-7.757,17.292-17.291,17.292  H58.554c-9.535,0-17.293-7.757-17.293-17.292V85.64c0-9.535,7.758-17.292,17.293-17.292h235.551c9.534,0,17.291,7.757,17.291,17.292  V321.192z M365.57,256.528h-34.174V150.303h34.174V256.528z\"><\/path><g><\/g><g><\/g><g><\/g><g><\/g><g><\/g><g><\/g><g><\/g><g><\/g><g><\/g><g><\/g><g><\/g><g><\/g><g><\/g><g><\/g><g><\/g><\/svg>\t\t\t<\/div>\n\t\t<\/div>\n\t\t\t\t\t\t<\/div>\n\t\t\t\t<\/div>\n\t\t\t\t\t<\/div>\n\t\t<\/div>\n\t\t\t\t<div class=\"elementor-column elementor-col-50 elementor-top-column elementor-element elementor-element-d5810ac elementor-invisible\" data-id=\"d5810ac\" data-element_type=\"column\" data-e-type=\"column\" data-settings=\"{&quot;animation&quot;:&quot;fadeIn&quot;}\">\n\t\t\t<div class=\"elementor-widget-wrap elementor-element-populated\">\n\t\t\t\t\t\t<div class=\"elementor-element elementor-element-7b1b6b8 elementor-widget elementor-widget-heading\" data-id=\"7b1b6b8\" data-element_type=\"widget\" data-e-type=\"widget\" data-widget_type=\"heading.default\">\n\t\t\t\t<div class=\"elementor-widget-container\">\n\t\t\t\t\t<h2 class=\"elementor-heading-title elementor-size-default\">Partnerstwo Odra<br> - sie\u0107 turystyki medycznej <\/h2>\t\t\t\t<\/div>\n\t\t\t\t<\/div>\n\t\t\t\t\t<\/div>\n\t\t<\/div>\n\t\t\t\t\t<\/div>\n\t\t<\/section>\n\t\t\t\t<section class=\"elementor-section elementor-top-section elementor-element elementor-element-627a7ea elementor-section-boxed elementor-section-height-default elementor-section-height-default\" data-id=\"627a7ea\" data-element_type=\"section\" data-e-type=\"section\" data-settings=\"{&quot;jet_parallax_layout_list&quot;:[{&quot;jet_parallax_layout_image&quot;:{&quot;url&quot;:&quot;&quot;,&quot;id&quot;:&quot;&quot;,&quot;size&quot;:&quot;&quot;},&quot;_id&quot;:&quot;4335c8d&quot;,&quot;jet_parallax_layout_image_tablet&quot;:{&quot;url&quot;:&quot;&quot;,&quot;id&quot;:&quot;&quot;,&quot;size&quot;:&quot;&quot;},&quot;jet_parallax_layout_image_mobile&quot;:{&quot;url&quot;:&quot;&quot;,&quot;id&quot;:&quot;&quot;,&quot;size&quot;:&quot;&quot;},&quot;jet_parallax_layout_speed&quot;:{&quot;unit&quot;:&quot;%&quot;,&quot;size&quot;:50,&quot;sizes&quot;:[]},&quot;jet_parallax_layout_type&quot;:&quot;scroll&quot;,&quot;jet_parallax_layout_direction&quot;:null,&quot;jet_parallax_layout_fx_direction&quot;:null,&quot;jet_parallax_layout_z_index&quot;:&quot;&quot;,&quot;jet_parallax_layout_bg_x&quot;:50,&quot;jet_parallax_layout_bg_x_tablet&quot;:&quot;&quot;,&quot;jet_parallax_layout_bg_x_mobile&quot;:&quot;&quot;,&quot;jet_parallax_layout_bg_y&quot;:50,&quot;jet_parallax_layout_bg_y_tablet&quot;:&quot;&quot;,&quot;jet_parallax_layout_bg_y_mobile&quot;:&quot;&quot;,&quot;jet_parallax_layout_bg_size&quot;:&quot;auto&quot;,&quot;jet_parallax_layout_bg_size_tablet&quot;:&quot;&quot;,&quot;jet_parallax_layout_bg_size_mobile&quot;:&quot;&quot;,&quot;jet_parallax_layout_animation_prop&quot;:&quot;transform&quot;,&quot;jet_parallax_layout_on&quot;:[&quot;desktop&quot;,&quot;tablet&quot;]}]}\">\n\t\t\t\t\t\t<div class=\"elementor-container elementor-column-gap-default\">\n\t\t\t\t\t<div class=\"elementor-column elementor-col-100 elementor-top-column elementor-element elementor-element-2a2e5c1 german\" data-id=\"2a2e5c1\" data-element_type=\"column\" data-e-type=\"column\" data-settings=\"{&quot;background_background&quot;:&quot;classic&quot;}\">\n\t\t\t<div class=\"elementor-widget-wrap elementor-element-populated\">\n\t\t\t\t\t\t<div class=\"elementor-element elementor-element-d67a848 elementor-widget elementor-widget-heading\" data-id=\"d67a848\" data-element_type=\"widget\" data-e-type=\"widget\" data-widget_type=\"heading.default\">\n\t\t\t\t<div class=\"elementor-widget-container\">\n\t\t\t\t\t<h2 class=\"elementor-heading-title elementor-size-default\">Aktualno\u015bci i og\u00f3lne informacje<\/h2>\t\t\t\t<\/div>\n\t\t\t\t<\/div>\n\t\t\t\t<div class=\"elementor-element elementor-element-ca05714 elementor-widget elementor-widget-text-editor\" data-id=\"ca05714\" data-element_type=\"widget\" data-e-type=\"widget\" data-widget_type=\"text-editor.default\">\n\t\t\t\t<div class=\"elementor-widget-container\">\n\t\t\t\t\t\t\t\t\t<p><b style=\"font-size: 14px;\">Czym jest \u201ePartnerstwo-Odra\u201c?<\/b><\/p>\n<p align=\"JUSTIFY\">\u201e<span lang=\"pl-PL\">Partnerstwo-Odra\u201d jest nieformaln\u0105, mi\u0119dzyregionaln\u0105 sieci\u0105, w kt\u00f3rej w oparciu o projekty wsp\u00f3\u0142pracuj\u0105 wojew\u00f3dztwa wielkopolskie, zachodniopomorskie, dolno\u015bl\u0105skie i lubuskie oraz niemieckie kraje zwi\u0105zkowe Berlin, Brandenburgia, Meklemburgia-Pomorze Przednie i Saksonia. Celem tej transgranicznej inicjatywy jest zbudowanie efektywnej regionalnej wsp\u00f3lnoty, kt\u00f3ra zintegruje region nadodrza\u0144ski zar\u00f3wno w sferze politycznej jak i pod wzgl\u0119dem infrastruktury oraz stworzenie dynamicznego obszaru gospodarczego, kooperuj\u0105cego w mo\u017cliwie wielu dziedzinach.<\/span><\/p>\n<h2>(3) Spotkanie w Dre\u017anie (wrzesie\u0144 2024 r.)<\/h2>\n<p>Trzecie i ostatnie&nbsp;<span style=\"font-family: &quot;Open Sans&quot;, sans-serif; font-size: 14px; font-style: normal; font-variant-ligatures: normal; font-variant-caps: normal; font-weight: 400;\">spotkanie w 2024 r. odby\u0142o si\u0119 w dniach 11 i&nbsp; czerwca 2024 r. w stolicy Saksonii &#8211; Dre\u017anie. W trakcie spotkania om\u00f3wiono bie\u017c\u0105ce aktywno\u015bci zwi\u0105zane z programem: start nowej strony projektu oraz plany promocyjne na rynku arabskim. Drugiego dnia przedstawiciele z Polski oraz z Niemiec odwiedzili dwa szpitale w Dre\u017anie i wys\u0142uchali prezentacji na temat organizacji mi\u0119dzynarodowego biura obs\u0142ugi pacjent\u00f3w zagranicznych.&nbsp;<\/span><span style=\"color: rgb(51, 51, 51); font-size: 20px; font-weight: 600;\">&nbsp;<\/span><\/p>\n<h2><span style=\"font-size: 20px; font-weight: 600;\">(2) Spotkanie w Poznaniu (czerwiec 2024 r.)<\/span><\/h2>\n<p>Kolejne spotkanie w ramach projektu &#8222;Partnerstwo Odra: Sie\u0107 Turystyki Medycznej&#8221;,&nbsp; odby\u0142o si\u0119 w dniach 6 i 7 czerwca 2024 r. w Poznaniu. Program przewidywa\u0142 zar\u00f3wno wymian\u0119 informacji z nowymi i znanymi partnerami, aktualne wiadomo\u015bci o projekcie, jak i oprowadzanie po plac\u00f3wkach medycznych oraz seminarium na temat turystyki medycznej.&nbsp;<\/p>\n<h2><span style=\"font-size: 20px; font-weight: 600;\">(1) Spotkanie w Berlinie (luty 2024 r.)<\/span><\/h2>\n<p>W dniach 1 i 2 lutego 2024 r. w Berlinie odby\u0142o si\u0119 oficjalne wydarzenie inauguruj\u0105ce projekt &#8222;Partnerstwo Odra: Sie\u0107 Turystyki Medycznej&#8221; w trakcie kt\u00f3rego przestawiono g\u0142\u00f3wne za\u0142o\u017cenia projektu, operator\u00f3w po stronie niemieckiej oraz polskiej, podmioty uczestnicz\u0105ce, a tak\u017ce zesp\u00f3\u0142 ekspertek prowadz\u0105cych projekt.<\/p>\n<p><b>Pierwszy dzie\u0144<\/b> po\u015bwi\u0119cony by\u0142 na prezentacje oraz spotkania B2B uczestnik\u00f3w. W trakcie drugiego dnia uczestnicy odwiedzili dwie berli\u0144skie kliniki.&nbsp;<span style=\"font-size: 14px;\">W konferencji <\/span><span style=\"font-size: 14px;\">&nbsp;<\/span><span style=\"font-size: 14px;\">uczestniczy\u0142o w sumie 51 os\u00f3b, w tym 33 z&nbsp;Niemiec i 18 z Polski. Po cz\u0119\u015bci konferencyjnej odby\u0142a si\u0119 sesja 15 min. spotka\u0144.<\/span><\/p>\n<p><strong>W drugim dniu <\/strong>uczestnicy odwiedzili najpierw klinik\u0119 Sporthopaedicum specjalizuj\u0105c\u0105 si\u0119 w zabiegach ortopedycznych, nast\u0119pnie jedn\u0105 z plac\u00f3wek sieci Helios Klinikum. W trakcie obchodu kliniki prezentowana by\u0142a oferta klinika oraz struktura i procedury zwi\u0105zane z obs\u0142ug\u0105 turyst\u00f3w medycznych, szczeg\u00f3lnie os\u00f3b z zagranicy.<\/p>\n<p>Kolejne spotkanie planowane jest w kwietniu w Poznaniu.<\/p>\n<p><span style=\"font-size: 14px;\">&nbsp;<\/span><strong style=\"color: #333333; font-size: 20px;\">Spotkanie inauguracyjne (I.2024 r.)<\/strong><\/p>\n<p>Pierwsze spotkanie inauguracyjne projekt, podczas kt\u00f3rego b\u0119dzie mo\u017cna dowiedzie\u0107 si\u0119 wi\u0119cej o projekcie i organizatorach oraz osobi\u015bcie pozna\u0107 partner\u00f3w, odb\u0119dzie si\u0119 w dniach 1 i 2 lutego 2024 r. w Berlinie. Mo\u017cna zg\u0142asza\u0107 ch\u0119\u0107 udzia\u0142u w wydarzeniu do 25 stycznia pod linkiem:<\/p>\n<p><strong><a href=\"https:\/\/about.visitberlin.de\/kick-off-oder-partnerschaft\">Kick-Off-Veranstaltung \/ Wydarzenie inauguracyjne | about.visitBerlin.de<\/a>&nbsp;<\/strong> &nbsp;\/ organizatorzy zastrzegaj\u0105 sobie prawo zaproszenia wybranych podmiot\u00f3w.<\/p>\n<p>Na stronie znajd\u0105 te\u017c Pa\u0144stwo szczeg\u00f3\u0142owy program wydarzenia.<\/p>\n<h2>Og\u00f3lne informacje (IX.2023 r.)&nbsp;<\/h2>\n<p>We wrze\u015bniu 2023 r. rozpocz\u0119\u0142a si\u0119 realizacja projektu \u201ePartnerstwo Odra \u2013 Sie\u0107 Turystyki Medycznej\u201d, kt\u00f3rego celem jest wzmocnienie wsp\u00f3\u0142pracy w zakresie turystyki medycznej pomi\u0119dzy polskimi i niemieckimi regionami nad Odr\u0105 w pierwszym etapie, a w kolejnym wykreowanie ca\u0142ego regionu Odry jako konkurencyjnej destynacji turystyki medycznej. Najwa\u017cniejsze dzia\u0142ania w ramach projektu obejmuj\u0105 wizyty parter\u00f3w, zapewnienie informacji na temat turystyki medycznej, stworzenie nowej strony internetowej w j\u0119zyku polskim, niemieckim, angielskim oraz arabskim, dzia\u0142ania w mediach spo\u0142eczno\u015bciowych, a tak\u017ce prezentacj\u0119 oferty turystyki medycznej regionu Odry na targach bran\u017cowych istotnych dla grupy docelowej. W celu wdro\u017cenia zdefiniowanych dzia\u0142a\u0144, visitBerlin zleci\u0142 polskiemu i niemieckiemu partnerowi wsp\u00f3\u0142prac\u0119 w ramach oficjalnej procedury. Fundacja PROTURMED z Polski i uczelnia Bonn-Rhein-Sieg z Niemiec zosta\u0142y wybrane jako instytucje partnerskie.<\/p>\n<p>Udzia\u0142 w tym projekcie ma przyczyni\u0107 si\u0119 do wzrostu rozpoznawalno\u015bci obiekt\u00f3w wellness i spa, klinik oraz szpitali na rynkach mi\u0119dzynarodowych. Udzia\u0142 w projekcie jest bezp\u0142atny. Zaproszone s\u0105 obiekty z wojew\u00f3dztwa wielkopolskiego, zachodniopomorskiego, dolno\u015bl\u0105skiego i lubuskiego oraz niemieckie kraje zwi\u0105zkowe Berlin, Brandenburgia, Meklemburgia-Pomorze Przednie i Saksonia. Je\u017celi s\u0105 Pa\u0144stwo zainteresowani projektem, prosimy o wys\u0142anie informacji na adres: anna.bialk-wolf@proturmed.pl z Fundacji Proturmed.<\/p>\n<p align=\"JUSTIFY\"><b style=\"font-size: 14px;\">Kontakt<\/b><\/p>\n<p><b style=\"font-size: 14px;\">Polska instytucja partnerska PROTURMED<\/b><\/p>\n<p><span style=\"font-size: 14px;\">dr Anna Bia\u0142k-Wolf \/ anna.bialk-wolf@proturmed.pl \/ tel: 513-773-548<\/span><\/p>\t\t\t\t\t\t\t\t<\/div>\n\t\t\t\t<\/div>\n\t\t\t\t\t<\/div>\n\t\t<\/div>\n\t\t\t\t\t<\/div>\n\t\t<\/section>\n\t\t\t\t<\/div>\n\t\t","protected":false},"excerpt":{"rendered":"<p>Partnerstwo Odra &#8211; sie\u0107 turystyki medycznej Aktualno\u015bci i og\u00f3lne informacje Czym jest \u201ePartnerstwo-Odra\u201c? \u201ePartnerstwo-Odra\u201d jest nieformaln\u0105, mi\u0119dzyregionaln\u0105 sieci\u0105, w kt\u00f3rej w oparciu o projekty wsp\u00f3\u0142pracuj\u0105 wojew\u00f3dztwa wielkopolskie, zachodniopomorskie, dolno\u015bl\u0105skie i lubuskie oraz niemieckie kraje zwi\u0105zkowe Berlin, Brandenburgia, Meklemburgia-Pomorze Przednie i Saksonia. Celem tej transgranicznej inicjatywy jest zbudowanie efektywnej regionalnej wsp\u00f3lnoty, kt\u00f3ra zintegruje region nadodrza\u0144ski zar\u00f3wno [&hellip;]<\/p>\n","protected":false},"author":1,"featured_media":0,"parent":0,"menu_order":0,"comment_status":"closed","ping_status":"closed","template":"elementor_header_footer","meta":{"om_disable_all_campaigns":false,"_monsterinsights_skip_tracking":false,"_monsterinsights_sitenote_active":false,"_monsterinsights_sitenote_note":"","_monsterinsights_sitenote_category":0,"_uf_show_specific_survey":0,"_uf_disable_surveys":false,"footnotes":""},"class_list":["post-344","page","type-page","status-publish","hentry","entry"],"_links":{"self":[{"href":"https:\/\/proturmed.pl\/en\/wp-json\/wp\/v2\/pages\/344","targetHints":{"allow":["GET"]}}],"collection":[{"href":"https:\/\/proturmed.pl\/en\/wp-json\/wp\/v2\/pages"}],"about":[{"href":"https:\/\/proturmed.pl\/en\/wp-json\/wp\/v2\/types\/page"}],"author":[{"embeddable":true,"href":"https:\/\/proturmed.pl\/en\/wp-json\/wp\/v2\/users\/1"}],"replies":[{"embeddable":true,"href":"https:\/\/proturmed.pl\/en\/wp-json\/wp\/v2\/comments?post=344"}],"version-history":[{"count":64,"href":"https:\/\/proturmed.pl\/en\/wp-json\/wp\/v2\/pages\/344\/revisions"}],"predecessor-version":[{"id":2102,"href":"https:\/\/proturmed.pl\/en\/wp-json\/wp\/v2\/pages\/344\/revisions\/2102"}],"wp:attachment":[{"href":"https:\/\/proturmed.pl\/en\/wp-json\/wp\/v2\/media?parent=344"}],"curies":[{"name":"wp","href":"https:\/\/api.w.org\/{rel}","templated":true}]}}